{"id":24,"date":"2017-01-18T20:33:57","date_gmt":"2017-01-18T19:33:57","guid":{"rendered":"http:\/\/reitstall-witting.de\/?page_id=24"},"modified":"2023-03-02T10:36:58","modified_gmt":"2023-03-02T09:36:58","slug":"reitunterricht","status":"publish","type":"page","link":"https:\/\/reitstall-witting.de\/?page_id=24","title":{"rendered":"Reitunterricht"},"content":{"rendered":"<p>Auf unseren Schulpferden und Ponys, ausgebildet von Klasse E bis L,&nbsp;k\u00f6nnen Sie bei uns den Reitsport erlernen. Wir bieten Anf\u00e4ngerkurse&nbsp;und Forgeschrittenenstunden, Einzelunterricht, Lehrg\u00e4nge, Longenstunden und Therapeutisches Reiten an.<\/p>\n<ul>\n<li>Einzelunterricht bis zur Klasse M auf Anfrage<\/li>\n<li>Gruppenkurse max. 6 Teilnehmer<\/li>\n<li>Ferienlehrg\u00e4nge<\/li>\n<li>Dressur-\/Springstunden<\/li>\n<li>Einzelunterricht<\/li>\n<li>Longenstunden<\/li>\n<li>Ausritte<\/li>\n<\/ul>\n<p><a href=\"https:\/\/reitstall-witting.de\/?page_id=74\">Hier finden Sie die Preisliste f\u00fcr unseren Reitunterricht<\/a>.<\/p>\n","protected":false},"excerpt":{"rendered":"<p>Auf unseren Schulpferden und Ponys, ausgebildet von Klasse E bis L,&nbsp;k\u00f6nnen Sie bei uns den Reitsport erlernen. Wir bieten Anf\u00e4ngerkurse&nbsp;und Forgeschrittenenstunden, Einzelunterricht, Lehrg\u00e4nge, Longenstunden und Therapeutisches Reiten an. Einzelunterricht bis zur Klasse M auf Anfrage Gruppenkurse max. 6 Teilnehmer Ferienlehrg\u00e4nge<\/p>\n","protected":false},"author":1,"featured_media":0,"parent":0,"menu_order":10,"comment_status":"closed","ping_status":"closed","template":"","meta":[],"_links":{"self":[{"href":"https:\/\/reitstall-witting.de\/index.php?rest_route=\/wp\/v2\/pages\/24"}],"collection":[{"href":"https:\/\/reitstall-witting.de\/index.php?rest_route=\/wp\/v2\/pages"}],"about":[{"href":"https:\/\/reitstall-witting.de\/index.php?rest_route=\/wp\/v2\/types\/page"}],"author":[{"embeddable":true,"href":"https:\/\/reitstall-witting.de\/index.php?rest_route=\/wp\/v2\/users\/1"}],"replies":[{"embeddable":true,"href":"https:\/\/reitstall-witting.de\/index.php?rest_route=%2Fwp%2Fv2%2Fcomments&post=24"}],"version-history":[{"count":10,"href":"https:\/\/reitstall-witting.de\/index.php?rest_route=\/wp\/v2\/pages\/24\/revisions"}],"predecessor-version":[{"id":214,"href":"https:\/\/reitstall-witting.de\/index.php?rest_route=\/wp\/v2\/pages\/24\/revisions\/214"}],"wp:attachment":[{"href":"https:\/\/reitstall-witting.de\/index.php?rest_route=%2Fwp%2Fv2%2Fmedia&parent=24"}],"curies":[{"name":"wp","href":"https:\/\/api.w.org\/{rel}","templated":true}]}}