{"id":26,"date":"2017-01-18T20:34:32","date_gmt":"2017-01-18T19:34:32","guid":{"rendered":"http:\/\/reitstall-witting.de\/?page_id=26"},"modified":"2017-01-29T17:20:57","modified_gmt":"2017-01-29T16:20:57","slug":"anlage","status":"publish","type":"page","link":"https:\/\/reitstall-witting.de\/?page_id=26","title":{"rendered":"Anlage"},"content":{"rendered":"<h1>Reitanlage<\/h1>\n<p>Nahe D\u00fcsseldorf und Ratingen, ca. 500 m von der A44 entfernt, im sch\u00f6nen, gr\u00fcnen Schwarzbachtal gelegen, bietet unsere Reitanlage professionelle Trainingsm\u00f6glichkeiten und einen direkten Zugang zum Ausreitgel\u00e4nde. Entspannung finden Sie in unserem Casino mit hausgemachtem Kuchen, Snacks und Getr\u00e4nken. <a href=\"https:\/\/reitstall-witting.de\/?page_id=70\">Mehr Informationen und Bilder finden Sie hier<\/a>.<\/p>\n<h1>Stallungen<\/h1>\n<p>F\u00fcr\u00a0die Unterbringung Ihres Pferdes bieten wir Ihnen\u00a0verschiedene Boxen in unserer Reitanlage an, inkl. Benutzung der geschlossenen und offenen Reitbahnen, der Weidefl\u00e4chen und des betrieblichen Zubeh\u00f6rs (Laufband, Solarium, Waschbox etc.). <a href=\"https:\/\/reitstall-witting.de\/?page_id=67\">Mehr Informationen und Bilder finden Sie hier<\/a>.<\/p>\n","protected":false},"excerpt":{"rendered":"<p>Reitanlage Nahe D\u00fcsseldorf und Ratingen, ca. 500 m von der A44 entfernt, im sch\u00f6nen, gr\u00fcnen Schwarzbachtal gelegen, bietet unsere Reitanlage professionelle Trainingsm\u00f6glichkeiten und einen direkten Zugang zum Ausreitgel\u00e4nde. Entspannung finden Sie in unserem Casino mit hausgemachtem Kuchen, Snacks und Getr\u00e4nken.<\/p>\n","protected":false},"author":1,"featured_media":0,"parent":0,"menu_order":20,"comment_status":"closed","ping_status":"closed","template":"","meta":[],"_links":{"self":[{"href":"https:\/\/reitstall-witting.de\/index.php?rest_route=\/wp\/v2\/pages\/26"}],"collection":[{"href":"https:\/\/reitstall-witting.de\/index.php?rest_route=\/wp\/v2\/pages"}],"about":[{"href":"https:\/\/reitstall-witting.de\/index.php?rest_route=\/wp\/v2\/types\/page"}],"author":[{"embeddable":true,"href":"https:\/\/reitstall-witting.de\/index.php?rest_route=\/wp\/v2\/users\/1"}],"replies":[{"embeddable":true,"href":"https:\/\/reitstall-witting.de\/index.php?rest_route=%2Fwp%2Fv2%2Fcomments&post=26"}],"version-history":[{"count":13,"href":"https:\/\/reitstall-witting.de\/index.php?rest_route=\/wp\/v2\/pages\/26\/revisions"}],"predecessor-version":[{"id":86,"href":"https:\/\/reitstall-witting.de\/index.php?rest_route=\/wp\/v2\/pages\/26\/revisions\/86"}],"wp:attachment":[{"href":"https:\/\/reitstall-witting.de\/index.php?rest_route=%2Fwp%2Fv2%2Fmedia&parent=26"}],"curies":[{"name":"wp","href":"https:\/\/api.w.org\/{rel}","templated":true}]}}