{"id":28,"date":"2017-01-18T20:35:05","date_gmt":"2017-01-18T19:35:05","guid":{"rendered":"http:\/\/reitstall-witting.de\/?page_id=28"},"modified":"2024-01-24T11:39:07","modified_gmt":"2024-01-24T10:39:07","slug":"angebote","status":"publish","type":"page","link":"https:\/\/reitstall-witting.de\/?page_id=28","title":{"rendered":"Angebote"},"content":{"rendered":"<p>Im Folgenden finden Sie unsere Angebote, zu denen wir Sie gerne auch in einem pers\u00f6nlichen Gespr\u00e4ch\u00a0beraten. <a href=\"https:\/\/reitstall-witting.de\/?page_id=30\">Hier k\u00f6nnen Sie uns kontaktieren.<\/a><\/p>\n<h1>Unterbringung eines Pferdes in Vollpension<\/h1>\n<p>F\u00fcr\u00a0die Unterbringung Ihres Pferdes bieten wir Ihnen\u00a0verschiedene Boxen in unserer Reitanlage an, inkl. Benutzung der geschlossenen und offenen Reitbahnen, der Weidefl\u00e4chen und des betrieblichen Zubeh\u00f6rs (Laufband, Solarium, Waschbox etc.).<\/p>\n<ul>\n<li>Bereitstellung der vereinbarten Box<\/li>\n<li>Dreimalige F\u00fctterung von Kraftfutter<\/li>\n<li>Zweimalige F\u00fctterung von Raufutter<\/li>\n<li>Unterbringung eines Spindes<\/li>\n<li>Unterstellung eines Pferdeanh\u00e4ngers<\/li>\n<li>Nutzung der Reithalle (20&#215;45)<\/li>\n<li>Nutzung des gro\u00dfen Au\u00dfenplatzes<\/li>\n<li>Nutzung der Waschpl\u00e4tze (warmes Wasser)<\/li>\n<li>Nutzung des Longierzirkels<\/li>\n<li>t\u00e4gliches Misten der Box<\/li>\n<\/ul>\n<h1>Verleih<\/h1>\n<p>Pferdeverleih f\u00fcr Sch\u00fctzen-, Karnevals- und Trachtenz\u00fcge und sonstige Events. Ein Vorbereitungs-Training und \u00dcbungsstunden k\u00f6nnen Sie gerne mit uns vereinbaren.<\/p>\n<ul>\n<li>Reitpferde und Ponys<\/li>\n<li>Transport \/ Anlieferung<\/li>\n<li>Begleitpersonal<\/li>\n<\/ul>\n","protected":false},"excerpt":{"rendered":"<p>Im Folgenden finden Sie unsere Angebote, zu denen wir Sie gerne auch in einem pers\u00f6nlichen Gespr\u00e4ch\u00a0beraten. Hier k\u00f6nnen Sie uns kontaktieren. Unterbringung eines Pferdes in Vollpension F\u00fcr\u00a0die Unterbringung Ihres Pferdes bieten wir Ihnen\u00a0verschiedene Boxen in unserer Reitanlage an, inkl. Benutzung<\/p>\n","protected":false},"author":1,"featured_media":0,"parent":0,"menu_order":30,"comment_status":"closed","ping_status":"closed","template":"","meta":[],"_links":{"self":[{"href":"https:\/\/reitstall-witting.de\/index.php?rest_route=\/wp\/v2\/pages\/28"}],"collection":[{"href":"https:\/\/reitstall-witting.de\/index.php?rest_route=\/wp\/v2\/pages"}],"about":[{"href":"https:\/\/reitstall-witting.de\/index.php?rest_route=\/wp\/v2\/types\/page"}],"author":[{"embeddable":true,"href":"https:\/\/reitstall-witting.de\/index.php?rest_route=\/wp\/v2\/users\/1"}],"replies":[{"embeddable":true,"href":"https:\/\/reitstall-witting.de\/index.php?rest_route=%2Fwp%2Fv2%2Fcomments&post=28"}],"version-history":[{"count":11,"href":"https:\/\/reitstall-witting.de\/index.php?rest_route=\/wp\/v2\/pages\/28\/revisions"}],"predecessor-version":[{"id":281,"href":"https:\/\/reitstall-witting.de\/index.php?rest_route=\/wp\/v2\/pages\/28\/revisions\/281"}],"wp:attachment":[{"href":"https:\/\/reitstall-witting.de\/index.php?rest_route=%2Fwp%2Fv2%2Fmedia&parent=28"}],"curies":[{"name":"wp","href":"https:\/\/api.w.org\/{rel}","templated":true}]}}