{"id":70,"date":"2017-01-29T16:57:06","date_gmt":"2017-01-29T15:57:06","guid":{"rendered":"http:\/\/reitstall-witting.de\/?page_id=70"},"modified":"2020-06-04T12:48:49","modified_gmt":"2020-06-04T11:48:49","slug":"reitanlage","status":"publish","type":"page","link":"https:\/\/reitstall-witting.de\/?page_id=70","title":{"rendered":"Reitanlage"},"content":{"rendered":"\t\t<div data-elementor-type=\"wp-post\" data-elementor-id=\"70\" class=\"elementor elementor-70\">\n\t\t\t\t\t\t<div class=\"elementor-inner\">\n\t\t\t\t<div class=\"elementor-section-wrap\">\n\t\t\t\t\t\t\t\t\t<section class=\"elementor-section elementor-top-section elementor-element elementor-element-7e261772 elementor-section-boxed elementor-section-height-default elementor-section-height-default\" data-id=\"7e261772\" data-element_type=\"section\">\n\t\t\t\t\t\t<div class=\"elementor-container elementor-column-gap-default\">\n\t\t\t\t\t\t\t<div class=\"elementor-row\">\n\t\t\t\t\t<div class=\"elementor-column elementor-col-100 elementor-top-column elementor-element elementor-element-22201343\" data-id=\"22201343\" data-element_type=\"column\">\n\t\t\t<div class=\"elementor-column-wrap elementor-element-populated\">\n\t\t\t\t\t\t\t<div class=\"elementor-widget-wrap\">\n\t\t\t\t\t\t<div class=\"elementor-element elementor-element-1df79c49 elementor-widget elementor-widget-text-editor\" data-id=\"1df79c49\" data-element_type=\"widget\" data-widget_type=\"text-editor.default\">\n\t\t\t\t<div class=\"elementor-widget-container\">\n\t\t\t\t\t\t\t\t<div class=\"elementor-text-editor elementor-clearfix\">\n\t\t\t\t<p>Nahe D\u00fcsseldorf und Ratingen, ca. 500 m von der A44 entfernt, im sch\u00f6nen, gr\u00fcnen Schwarzbachtal gelegen, bietet unsere Reitanlage professionelle Trainingsm\u00f6glichkeiten und einen direkten Zugang zum Ausreitgel\u00e4nde. Entspannung finden Sie in unserem Casino mit hausgemachtem Kuchen, Snacks und Getr\u00e4nken. Gerne machen<\/p><ul><li>Reithalle 20 x 40 m<\/li><li>Au\u00dfenplatz 70 x 80 m<\/li><li>Paddock<\/li><li>Weiden<\/li><li>Laufband<\/li><li>Solarium<\/li><li>Waschbox<\/li><\/ul><p>\u00a0<\/p><p>\u00a0<\/p><p>\u00a0<\/p>\t\t\t\t\t<\/div>\n\t\t\t\t\t\t<\/div>\n\t\t\t\t<\/div>\n\t\t\t\t<div class=\"elementor-element elementor-element-9849c8a elementor-arrows-position-inside elementor-pagination-position-outside elementor-widget elementor-widget-image-carousel\" data-id=\"9849c8a\" data-element_type=\"widget\" data-settings=\"{&quot;slides_to_show&quot;:&quot;1&quot;,&quot;navigation&quot;:&quot;both&quot;,&quot;autoplay&quot;:&quot;yes&quot;,&quot;pause_on_hover&quot;:&quot;yes&quot;,&quot;pause_on_interaction&quot;:&quot;yes&quot;,&quot;autoplay_speed&quot;:5000,&quot;infinite&quot;:&quot;yes&quot;,&quot;effect&quot;:&quot;slide&quot;,&quot;speed&quot;:500}\" data-widget_type=\"image-carousel.default\">\n\t\t\t\t<div class=\"elementor-widget-container\">\n\t\t\t\t\t<div class=\"elementor-image-carousel-wrapper swiper-container\" dir=\"ltr\">\n\t\t\t<div class=\"elementor-image-carousel swiper-wrapper\">\n\t\t\t\t\t\t\t\t<div class=\"swiper-slide\"><a data-elementor-open-lightbox=\"yes\" data-elementor-lightbox-slideshow=\"9849c8a\" data-elementor-lightbox-title=\"IMG_0216_e\" data-e-action-hash=\"#elementor-action%3Aaction%3Dlightbox%26settings%3DeyJpZCI6OTcsInVybCI6Imh0dHBzOlwvXC9yZWl0c3RhbGwtd2l0dGluZy5kZVwvd3AtY29udGVudFwvdXBsb2Fkc1wvMjAxN1wvMDJcL0lNR18wMjE2X2UuanBnIiwic2xpZGVzaG93IjoiOTg0OWM4YSJ9\" href=\"https:\/\/reitstall-witting.de\/wp-content\/uploads\/2017\/02\/IMG_0216_e.jpg\"><figure class=\"swiper-slide-inner\"><img decoding=\"async\" class=\"swiper-slide-image\" src=\"https:\/\/reitstall-witting.de\/wp-content\/uploads\/2017\/02\/IMG_0216_e-768x576.jpg\" alt=\"IMG_0216_e\" \/><\/figure><\/a><\/div><div class=\"swiper-slide\"><a data-elementor-open-lightbox=\"yes\" data-elementor-lightbox-slideshow=\"9849c8a\" data-elementor-lightbox-title=\"14732343_945404675564720_3258226089284824446_n\" data-e-action-hash=\"#elementor-action%3Aaction%3Dlightbox%26settings%3DeyJpZCI6OTUsInVybCI6Imh0dHBzOlwvXC9yZWl0c3RhbGwtd2l0dGluZy5kZVwvd3AtY29udGVudFwvdXBsb2Fkc1wvMjAxN1wvMDJcLzE0NzMyMzQzXzk0NTQwNDY3NTU2NDcyMF8zMjU4MjI2MDg5Mjg0ODI0NDQ2X24uanBnIiwic2xpZGVzaG93IjoiOTg0OWM4YSJ9\" href=\"https:\/\/reitstall-witting.de\/wp-content\/uploads\/2017\/02\/14732343_945404675564720_3258226089284824446_n.jpg\"><figure class=\"swiper-slide-inner\"><img decoding=\"async\" class=\"swiper-slide-image\" src=\"https:\/\/reitstall-witting.de\/wp-content\/uploads\/2017\/02\/14732343_945404675564720_3258226089284824446_n-768x576.jpg\" alt=\"14732343_945404675564720_3258226089284824446_n\" \/><\/figure><\/a><\/div><div class=\"swiper-slide\"><a data-elementor-open-lightbox=\"yes\" data-elementor-lightbox-slideshow=\"9849c8a\" data-elementor-lightbox-title=\"14595710_945405105564677_3747823093078843129_n\" data-e-action-hash=\"#elementor-action%3Aaction%3Dlightbox%26settings%3DeyJpZCI6OTQsInVybCI6Imh0dHBzOlwvXC9yZWl0c3RhbGwtd2l0dGluZy5kZVwvd3AtY29udGVudFwvdXBsb2Fkc1wvMjAxN1wvMDJcLzE0NTk1NzEwXzk0NTQwNTEwNTU2NDY3N18zNzQ3ODIzMDkzMDc4ODQzMTI5X24uanBnIiwic2xpZGVzaG93IjoiOTg0OWM4YSJ9\" href=\"https:\/\/reitstall-witting.de\/wp-content\/uploads\/2017\/02\/14595710_945405105564677_3747823093078843129_n.jpg\"><figure class=\"swiper-slide-inner\"><img decoding=\"async\" class=\"swiper-slide-image\" src=\"https:\/\/reitstall-witting.de\/wp-content\/uploads\/2017\/02\/14595710_945405105564677_3747823093078843129_n-768x576.jpg\" alt=\"14595710_945405105564677_3747823093078843129_n\" \/><\/figure><\/a><\/div><div class=\"swiper-slide\"><a data-elementor-open-lightbox=\"yes\" data-elementor-lightbox-slideshow=\"9849c8a\" data-elementor-lightbox-title=\"14570400_945404865564701_4813513540301386672_n\" data-e-action-hash=\"#elementor-action%3Aaction%3Dlightbox%26settings%3DeyJpZCI6OTMsInVybCI6Imh0dHBzOlwvXC9yZWl0c3RhbGwtd2l0dGluZy5kZVwvd3AtY29udGVudFwvdXBsb2Fkc1wvMjAxN1wvMDJcLzE0NTcwNDAwXzk0NTQwNDg2NTU2NDcwMV80ODEzNTEzNTQwMzAxMzg2NjcyX24uanBnIiwic2xpZGVzaG93IjoiOTg0OWM4YSJ9\" href=\"https:\/\/reitstall-witting.de\/wp-content\/uploads\/2017\/02\/14570400_945404865564701_4813513540301386672_n.jpg\"><figure class=\"swiper-slide-inner\"><img decoding=\"async\" class=\"swiper-slide-image\" src=\"https:\/\/reitstall-witting.de\/wp-content\/uploads\/2017\/02\/14570400_945404865564701_4813513540301386672_n-768x576.jpg\" alt=\"14570400_945404865564701_4813513540301386672_n\" \/><\/figure><\/a><\/div>\t\t\t<\/div>\n\t\t\t\t\t\t\t\t\t\t\t\t<div class=\"swiper-pagination\"><\/div>\n\t\t\t\t\t\t\t\t\t\t\t\t\t<div class=\"elementor-swiper-button elementor-swiper-button-prev\">\n\t\t\t\t\t\t<i aria-hidden=\"true\" class=\"eicon-chevron-left\"><\/i>\t\t\t\t\t\t<span class=\"elementor-screen-only\">Zur\u00fcck<\/span>\n\t\t\t\t\t<\/div>\n\t\t\t\t\t<div class=\"elementor-swiper-button elementor-swiper-button-next\">\n\t\t\t\t\t\t<i aria-hidden=\"true\" class=\"eicon-chevron-right\"><\/i>\t\t\t\t\t\t<span class=\"elementor-screen-only\">Weiter<\/span>\n\t\t\t\t\t<\/div>\n\t\t\t\t\t\t\t\t\t<\/div>\n\t\t\t\t<\/div>\n\t\t\t\t<\/div>\n\t\t\t\t\t\t<\/div>\n\t\t\t\t\t<\/div>\n\t\t<\/div>\n\t\t\t\t\t\t\t\t<\/div>\n\t\t\t\t\t<\/div>\n\t\t<\/section>\n\t\t\t\t\t\t\t\t\t<\/div>\n\t\t\t<\/div>\n\t\t\t\t\t<\/div>\n\t\t","protected":false},"excerpt":{"rendered":"<p>Nahe D\u00fcsseldorf und Ratingen, ca. 500 m von der A44 entfernt, im sch\u00f6nen, gr\u00fcnen Schwarzbachtal gelegen, bietet unsere Reitanlage professionelle Trainingsm\u00f6glichkeiten und einen direkten Zugang zum Ausreitgel\u00e4nde. Entspannung finden Sie in unserem Casino mit hausgemachtem Kuchen, Snacks und Getr\u00e4nken. Gerne<\/p>\n","protected":false},"author":1,"featured_media":0,"parent":26,"menu_order":10,"comment_status":"closed","ping_status":"closed","template":"","meta":[],"_links":{"self":[{"href":"https:\/\/reitstall-witting.de\/index.php?rest_route=\/wp\/v2\/pages\/70"}],"collection":[{"href":"https:\/\/reitstall-witting.de\/index.php?rest_route=\/wp\/v2\/pages"}],"about":[{"href":"https:\/\/reitstall-witting.de\/index.php?rest_route=\/wp\/v2\/types\/page"}],"author":[{"embeddable":true,"href":"https:\/\/reitstall-witting.de\/index.php?rest_route=\/wp\/v2\/users\/1"}],"replies":[{"embeddable":true,"href":"https:\/\/reitstall-witting.de\/index.php?rest_route=%2Fwp%2Fv2%2Fcomments&post=70"}],"version-history":[{"count":18,"href":"https:\/\/reitstall-witting.de\/index.php?rest_route=\/wp\/v2\/pages\/70\/revisions"}],"predecessor-version":[{"id":185,"href":"https:\/\/reitstall-witting.de\/index.php?rest_route=\/wp\/v2\/pages\/70\/revisions\/185"}],"up":[{"embeddable":true,"href":"https:\/\/reitstall-witting.de\/index.php?rest_route=\/wp\/v2\/pages\/26"}],"wp:attachment":[{"href":"https:\/\/reitstall-witting.de\/index.php?rest_route=%2Fwp%2Fv2%2Fmedia&parent=70"}],"curies":[{"name":"wp","href":"https:\/\/api.w.org\/{rel}","templated":true}]}}